{"id":1674,"date":"2017-05-05T10:50:45","date_gmt":"2017-05-05T10:50:45","guid":{"rendered":"http:\/\/export-1.test-tangibledesign.net\/?page_id=1674"},"modified":"2024-03-13T14:54:28","modified_gmt":"2024-03-13T07:54:28","slug":"contact","status":"publish","type":"page","link":"https:\/\/cnthanhhoa.com\/zh\/contact\/","title":{"rendered":"\u8054\u7edc\u6211"},"content":{"rendered":"<div data-vc-full-width=\"true\" data-vc-full-width-init=\"false\" class=\"vc_row wpb_row vc_row-fluid vc_custom_1494337711020 vc_row-o-equal-height vc_row-flex\"><div class=\"wpb_column vc_column_container vc_col-sm-4\"><div class=\"vc_column-inner vc_custom_1494336662073\"><div class=\"wpb_wrapper\"><div class=\"mh-heading-wrapper--left\">\r\n\t\r\n        <div class=\"mh-heading-wrapper\">\r\n            <h2            class=\"mh-heading  mh-heading--bottom-separator\"\r\n            style=\"font-weight:700;\">\r\n\t\t\tG\u1eedi \u00fd ki\u1ebfn c\u1ee7a b\u1ea1n        <\/h2>\r\n\r\n\t\t    <\/div>\r\n\r\n\t<\/div>\n<div class=\"wpcf7 no-js\" id=\"wpcf7-f1676-o1\" lang=\"en-US\" dir=\"ltr\">\n<div class=\"screen-reader-response\"><p role=\"status\" aria-live=\"polite\" aria-atomic=\"true\"><\/p> <ul><\/ul><\/div>\n<form action=\"\/zh\/wp-json\/wp\/v2\/pages\/1674#wpcf7-f1676-o1\" method=\"post\" class=\"wpcf7-form init\" aria-label=\"Contact form\" novalidate=\"novalidate\" data-status=\"init\" data-trp-original-action=\"\/zh\/wp-json\/wp\/v2\/pages\/1674#wpcf7-f1676-o1\">\n<div style=\"display: none;\">\n<input type=\"hidden\" name=\"_wpcf7\" value=\"1676\" \/>\n<input type=\"hidden\" name=\"_wpcf7_version\" value=\"5.9.3\" \/>\n<input type=\"hidden\" name=\"_wpcf7_locale\" value=\"en_US\" \/>\n<input type=\"hidden\" name=\"_wpcf7_unit_tag\" value=\"wpcf7-f1676-o1\" \/>\n<input type=\"hidden\" name=\"_wpcf7_container_post\" value=\"0\" \/>\n<input type=\"hidden\" name=\"_wpcf7_posted_data_hash\" value=\"\" \/>\n<\/div>\n<p><label><span class=\"wpcf7-form-control-wrap\" data-name=\"your-name\"><input size=\"40\" class=\"wpcf7-form-control wpcf7-text wpcf7-validates-as-required\" aria-required=\"true\" aria-invalid=\"false\" placeholder=\"\u540d\u79f0\" value=\"\" type=\"text\" name=\"your-name\" \/><\/span><\/label><label><span class=\"wpcf7-form-control-wrap\" data-name=\"your-email\"><input size=\"40\" class=\"wpcf7-form-control wpcf7-email wpcf7-validates-as-required wpcf7-text wpcf7-validates-as-email\" aria-required=\"true\" aria-invalid=\"false\" placeholder=\"email*\" value=\"\" type=\"email\" name=\"your-email\" \/><\/span><\/label><label><span class=\"wpcf7-form-control-wrap\" data-name=\"your-subject\"><input size=\"40\" class=\"wpcf7-form-control wpcf7-text\" aria-invalid=\"false\" placeholder=\"\u6807\u9898\" value=\"\" type=\"text\" name=\"your-subject\" \/><\/span> <\/label><label><span class=\"wpcf7-form-control-wrap\" data-name=\"your-message\"><textarea cols=\"40\" rows=\"10\" class=\"wpcf7-form-control wpcf7-textarea\" aria-invalid=\"false\" placeholder=\"\u5185\u5bb9\" name=\"your-message\"><\/textarea><\/span> <\/label><input class=\"wpcf7-form-control wpcf7-submit has-spinner\" type=\"submit\" value=\"\u53d1\u9001\" \/>\n<\/p><div class=\"wpcf7-response-output\" aria-hidden=\"true\"><\/div>\n<input type=\"hidden\" name=\"trp-form-language\" value=\"zh\"\/><\/form>\n<\/div>\n<\/div><\/div><\/div><div class=\"wpb_column vc_column_container vc_col-sm-4 vc_col-has-fill\"><div class=\"vc_column-inner vc_custom_1494336828259\"><div class=\"wpb_wrapper\">\n\t<div class=\"wpb_text_column wpb_content_element\" >\n\t\t<div class=\"wpb_wrapper\">\n\t\t\t<p>Ch\u00fang t\u00f4i l\u00e0 \u0111\u01a1n v\u1ecb uy t\u00edn h\u00e0ng \u0111\u1ea7u Vi\u1ec7t Nam cung c\u1ea5p c\u00e1c giao d\u1ecbch cho thu\u00ea \u0111\u1ea5t khu c\u00f4ng nghi\u1ec7p, c\u1ee5m c\u00f4ng nghi\u1ec7p, nh\u00e0 m\u00e1y, kho x\u01b0\u1edfng. Ch\u00fang t\u00f4i c\u00f3 h\u1ed7 tr\u1ee3 ph\u00e1p l\u00fd nhanh g\u1ecdn chuy\u00ean nghi\u1ec7p nh\u1ea5t<\/p>\n<p><strong>Email:<\/strong> support@cnthanhhoa.com<br \/>\n<strong>Phone:<\/strong> (+84) 945232456<br \/>\n<strong>Address: <\/strong>T\u1ea7ng 1, To\u00e0 Nh\u00e0 Cao Su, 137 L\u00fd Nam \u0110\u1ebf, TP Thanh H\u00f3a<\/p>\n<p>S\u00e0n CN Thanh H\u00f3a chuy\u00ean cung c\u1ea5p d\u1ecbch v\u1ee5 t\u1ea1i Thanh H\u00f3a v\u00e0 c\u00e1c t\u1ec9nh l\u00e2n c\u1eadn .<\/p>\n<ul>\n<li><a href=\"#\">H\u1ed7 tr\u1ee3 ph\u00e1p l\u00fd<\/a><\/li>\n<li>H\u1ecfi \u0110\u00e1p<\/li>\n<li>V\u1ec1 ch\u00fang t\u00f4i<\/li>\n<\/ul>\n<p>T\u1ea5t c\u1ea3 c\u00e1c ngu\u1ed3n th\u00f4ng tin \u0111\u1ec1u \u0111\u01b0\u1ee3c ki\u1ec3m ch\u1ee9ng v\u00e0 x\u00e1c th\u1ef1c.<\/p>\n\n\t\t<\/div>\n\t<\/div>\n<\/div><\/div><\/div><div class=\"wpb_column vc_column_container vc_col-sm-4 vc_col-has-fill\"><div class=\"vc_column-inner vc_custom_1494336835635\"><div class=\"wpb_wrapper\">\n\t<div  class=\"wpb_single_image wpb_content_element vc_align_left\">\n\t\t\n\t\t<figure class=\"wpb_wrapper vc_figure\">\n\t\t\t<div class=\"vc_single_image-wrapper   vc_box_border_grey\"><img loading=\"lazy\" decoding=\"async\" width=\"1920\" height=\"1280\" src=\"https:\/\/cnthanhhoa.com\/wp-content\/uploads\/2024\/03\/kcn.png\" class=\"vc_single_image-img attachment-full\" alt=\"\" title=\"kcn\" srcset=\"https:\/\/cnthanhhoa.com\/wp-content\/uploads\/2024\/03\/kcn.png 1920w, https:\/\/cnthanhhoa.com\/wp-content\/uploads\/2024\/03\/kcn-300x200.png 300w, https:\/\/cnthanhhoa.com\/wp-content\/uploads\/2024\/03\/kcn-1024x683.png 1024w, https:\/\/cnthanhhoa.com\/wp-content\/uploads\/2024\/03\/kcn-768x512.png 768w, https:\/\/cnthanhhoa.com\/wp-content\/uploads\/2024\/03\/kcn-1536x1024.png 1536w\" sizes=\"auto, (max-width: 1920px) 100vw, 1920px\" \/><\/div>\n\t\t<\/figure>\n\t<\/div>\n\n\t<div class=\"wpb_text_column wpb_content_element\" >\n\t\t<div class=\"wpb_wrapper\">\n\t\t\t<p>Gi\u1edd l\u00e0m vi\u1ec7c<\/p>\n<p><b>T\u1ea5t c\u1ea3 c\u00e1c ng\u00e0y trong tu\u1ea7n, h\u1ed7 tr\u1ee3 ph\u00e1p l\u00fd 24\/7<\/b><\/p>\n\n\t\t<\/div>\n\t<\/div>\n<\/div><\/div><\/div><\/div><div class=\"vc_row-full-width vc_clearfix\"><\/div><div data-vc-full-width=\"true\" data-vc-full-width-init=\"false\" data-vc-stretch-content=\"true\" class=\"vc_row wpb_row vc_row-fluid vc_row-no-padding\"><div class=\"wpb_column vc_column_container vc_col-sm-12\"><div class=\"vc_column-inner\"><div class=\"wpb_wrapper\"><div class=\"wpb_gmaps_widget wpb_content_element vc_custom_1709538581950\"><div class=\"wpb_wrapper\"><div class=\"wpb_map_wraper\"><iframe src=\"https:\/\/www.google.com\/maps\/embed?pb=!1m18!1m12!1m3!1d3753.74147337419!2d105.79244307501988!3d19.808555728567587!2m3!1f0!2f0!3f0!3m2!1i1024!2i768!4f13.1!3m3!1m2!1s0x3136581d5cf5c405%3A0x7bd491767d914fdc!2zMTM3IEzDvSBOYW0gxJDhur8sIMSQw7RuZyBIxrBuZywgVGjDoG5oIHBo4buRIFRoYW5oIEjDs2EsIFRoYW5oIEhvw6EsIFZpZXRuYW0!5e0!3m2!1sen!2s!4v1709538569864!5m2!1sen!2s\" width=\"600\" height=\"450\" style=\"border:0;\" allowfullscreen=\"\" loading=\"lazy\" referrerpolicy=\"no-referrer-when-downgrade\"><\/iframe><\/div><\/div><\/div><\/div><\/div><\/div><\/div><div class=\"vc_row-full-width vc_clearfix\"><\/div>","protected":false},"excerpt":{"rendered":"G\u1eedi \u00fd ki\u1ebfn c\u1ee7a b\u1ea1n Ch\u00fang t\u00f4i l\u00e0 \u0111\u01a1n v\u1ecb uy t\u00edn h\u00e0ng \u0111\u1ea7u Vi\u1ec7t Nam cung c\u1ea5p c\u00e1c giao d\u1ecbch cho thu\u00ea \u0111\u1ea5t khu c\u00f4ng nghi\u1ec7p, c\u1ee5m c\u00f4ng nghi\u1ec7p, nh\u00e0 m\u00e1y, kho x\u01b0\u1edfng. Ch\u00fang t\u00f4i c\u00f3 h\u1ed7 tr\u1ee3 ph\u00e1p l\u00fd nhanh g\u1ecdn chuy\u00ean nghi\u1ec7p nh\u1ea5t Email: support@cnthanhhoa.com Phone: (+84) 945232456 Address: T\u1ea7ng 1, To\u00e0 [...]","protected":false},"author":1,"featured_media":0,"parent":0,"menu_order":0,"comment_status":"closed","ping_status":"closed","template":"page_full-width-with-top-title.php","meta":{"_acf_changed":false,"footnotes":""},"class_list":["post-1674","page","type-page","status-publish","hentry"],"acf":[],"_links":{"self":[{"href":"https:\/\/cnthanhhoa.com\/zh\/wp-json\/wp\/v2\/pages\/1674","targetHints":{"allow":["GET"]}}],"collection":[{"href":"https:\/\/cnthanhhoa.com\/zh\/wp-json\/wp\/v2\/pages"}],"about":[{"href":"https:\/\/cnthanhhoa.com\/zh\/wp-json\/wp\/v2\/types\/page"}],"author":[{"embeddable":true,"href":"https:\/\/cnthanhhoa.com\/zh\/wp-json\/wp\/v2\/users\/1"}],"replies":[{"embeddable":true,"href":"https:\/\/cnthanhhoa.com\/zh\/wp-json\/wp\/v2\/comments?post=1674"}],"version-history":[{"count":5,"href":"https:\/\/cnthanhhoa.com\/zh\/wp-json\/wp\/v2\/pages\/1674\/revisions"}],"predecessor-version":[{"id":9823,"href":"https:\/\/cnthanhhoa.com\/zh\/wp-json\/wp\/v2\/pages\/1674\/revisions\/9823"}],"wp:attachment":[{"href":"https:\/\/cnthanhhoa.com\/zh\/wp-json\/wp\/v2\/media?parent=1674"}],"curies":[{"name":"wp","href":"https:\/\/api.w.org\/{rel}","templated":true}]}}